{"id":741,"date":"2025-04-09T12:25:17","date_gmt":"2025-04-09T12:25:17","guid":{"rendered":"https:\/\/natpower.com\/us\/homepage-fr\/"},"modified":"2025-05-21T07:38:42","modified_gmt":"2025-05-21T07:38:42","slug":"homepage-2","status":"publish","type":"page","link":"https:\/\/natpower.com\/us\/fr\/","title":{"rendered":"Homepage"},"content":{"rendered":"<div id=\"cs-content\" class=\"cs-content\"><\/div>\n","protected":false},"excerpt":{"rendered":"<p>Acc\u00e9l\u00e9rer la transition vers une \u00e9nergie propre et durableGrowing by NatureNatPower US propose des solutions d&rsquo;&eacute;nergie renouvelable &agrave; grande &eacute;chelle, en se sp&eacute;cialisant dans la conception et le d&eacute;veloppement de projets durables, con&ccedil;us sur mesure pour r&eacute;pondre aux besoins sp&eacute;cifiques de ses clients.Qui sommes-nousNatPower US provides large-scale renewable energy solution, specializing in the design and development of sustainable projects tailored &#8230; <\/p>\n<div><a href=\"https:\/\/natpower.com\/us\/fr\/\" class=\"more-link\">Read More<\/a><\/div>\n","protected":false},"author":1,"featured_media":0,"parent":0,"menu_order":0,"comment_status":"closed","ping_status":"closed","template":"template-blank-4.php","meta":{"_acf_changed":false,"footnotes":""},"class_list":["post-741","page","type-page","status-publish","hentry","no-post-thumbnail"],"acf":[],"yoast_head":"<!-- This site is optimized with the Yoast SEO plugin v27.1.1 - https:\/\/yoast.com\/product\/yoast-seo-wordpress\/ -->\n<title>Homepage - NatPower US<\/title>\n<meta name=\"robots\" content=\"index, follow, max-snippet:-1, max-image-preview:large, max-video-preview:-1\" \/>\n<link rel=\"canonical\" href=\"https:\/\/natpower.com\/us\/fr\/homepage-2\/\" \/>\n<meta property=\"og:locale\" content=\"fr_FR\" \/>\n<meta property=\"og:type\" content=\"article\" \/>\n<meta property=\"og:title\" content=\"Homepage - NatPower US\" \/>\n<meta property=\"og:description\" content=\"Acc\u00e9l\u00e9rer la transition vers une \u00e9nergie propre et durableGrowing by NatureNatPower US propose des solutions d&rsquo;&eacute;nergie renouvelable &agrave; grande &eacute;chelle, en se sp&eacute;cialisant dans la conception et le d&eacute;veloppement de projets durables, con&ccedil;us sur mesure pour r&eacute;pondre aux besoins sp&eacute;cifiques de ses clients.Qui sommes-nousNatPower US provides large-scale renewable energy solution, specializing in the design and development of sustainable projects tailored ... Read More\" \/>\n<meta property=\"og:url\" content=\"https:\/\/natpower.com\/us\/fr\/homepage-2\/\" \/>\n<meta property=\"og:site_name\" content=\"NatPower US\" \/>\n<meta property=\"article:modified_time\" content=\"2025-05-21T07:38:42+00:00\" \/>\n<meta name=\"twitter:card\" content=\"summary_large_image\" \/>\n<meta name=\"twitter:label1\" content=\"Dur\u00e9e de lecture estim\u00e9e\" \/>\n\t<meta name=\"twitter:data1\" content=\"5 minutes\" \/>\n<script type=\"application\/ld+json\" class=\"yoast-schema-graph\">{\"@context\":\"https:\/\/schema.org\",\"@graph\":[{\"@type\":\"WebPage\",\"@id\":\"https:\/\/natpower.com\/us\/fr\/homepage-2\/\",\"url\":\"https:\/\/natpower.com\/us\/fr\/homepage-2\/\",\"name\":\"Homepage - NatPower US\",\"isPartOf\":{\"@id\":\"https:\/\/natpower.com\/us\/#website\"},\"datePublished\":\"2025-04-09T12:25:17+00:00\",\"dateModified\":\"2025-05-21T07:38:42+00:00\",\"breadcrumb\":{\"@id\":\"https:\/\/natpower.com\/us\/fr\/homepage-2\/#breadcrumb\"},\"inLanguage\":\"fr-FR\",\"potentialAction\":[{\"@type\":\"ReadAction\",\"target\":[\"https:\/\/natpower.com\/us\/fr\/homepage-2\/\"]}]},{\"@type\":\"BreadcrumbList\",\"@id\":\"https:\/\/natpower.com\/us\/fr\/homepage-2\/#breadcrumb\",\"itemListElement\":[{\"@type\":\"ListItem\",\"position\":1,\"name\":\"Home\",\"item\":\"https:\/\/natpower.com\/us\/fr\/homepage-2\/\"},{\"@type\":\"ListItem\",\"position\":2,\"name\":\"Homepage\"}]},{\"@type\":\"WebSite\",\"@id\":\"https:\/\/natpower.com\/us\/#website\",\"url\":\"https:\/\/natpower.com\/us\/\",\"name\":\"NatPower US\",\"description\":\"\",\"potentialAction\":[{\"@type\":\"SearchAction\",\"target\":{\"@type\":\"EntryPoint\",\"urlTemplate\":\"https:\/\/natpower.com\/us\/?s={search_term_string}\"},\"query-input\":{\"@type\":\"PropertyValueSpecification\",\"valueRequired\":true,\"valueName\":\"search_term_string\"}}],\"inLanguage\":\"fr-FR\"}]}<\/script>\n<!-- \/ Yoast SEO plugin. -->","yoast_head_json":{"title":"Homepage - NatPower US","robots":{"index":"index","follow":"follow","max-snippet":"max-snippet:-1","max-image-preview":"max-image-preview:large","max-video-preview":"max-video-preview:-1"},"canonical":"https:\/\/natpower.com\/us\/fr\/homepage-2\/","og_locale":"fr_FR","og_type":"article","og_title":"Homepage - NatPower US","og_description":"Acc\u00e9l\u00e9rer la transition vers une \u00e9nergie propre et durableGrowing by NatureNatPower US propose des solutions d&rsquo;&eacute;nergie renouvelable &agrave; grande &eacute;chelle, en se sp&eacute;cialisant dans la conception et le d&eacute;veloppement de projets durables, con&ccedil;us sur mesure pour r&eacute;pondre aux besoins sp&eacute;cifiques de ses clients.Qui sommes-nousNatPower US provides large-scale renewable energy solution, specializing in the design and development of sustainable projects tailored ... Read More","og_url":"https:\/\/natpower.com\/us\/fr\/homepage-2\/","og_site_name":"NatPower US","article_modified_time":"2025-05-21T07:38:42+00:00","twitter_card":"summary_large_image","twitter_misc":{"Dur\u00e9e de lecture estim\u00e9e":"5 minutes"},"schema":{"@context":"https:\/\/schema.org","@graph":[{"@type":"WebPage","@id":"https:\/\/natpower.com\/us\/fr\/homepage-2\/","url":"https:\/\/natpower.com\/us\/fr\/homepage-2\/","name":"Homepage - NatPower US","isPartOf":{"@id":"https:\/\/natpower.com\/us\/#website"},"datePublished":"2025-04-09T12:25:17+00:00","dateModified":"2025-05-21T07:38:42+00:00","breadcrumb":{"@id":"https:\/\/natpower.com\/us\/fr\/homepage-2\/#breadcrumb"},"inLanguage":"fr-FR","potentialAction":[{"@type":"ReadAction","target":["https:\/\/natpower.com\/us\/fr\/homepage-2\/"]}]},{"@type":"BreadcrumbList","@id":"https:\/\/natpower.com\/us\/fr\/homepage-2\/#breadcrumb","itemListElement":[{"@type":"ListItem","position":1,"name":"Home","item":"https:\/\/natpower.com\/us\/fr\/homepage-2\/"},{"@type":"ListItem","position":2,"name":"Homepage"}]},{"@type":"WebSite","@id":"https:\/\/natpower.com\/us\/#website","url":"https:\/\/natpower.com\/us\/","name":"NatPower US","description":"","potentialAction":[{"@type":"SearchAction","target":{"@type":"EntryPoint","urlTemplate":"https:\/\/natpower.com\/us\/?s={search_term_string}"},"query-input":{"@type":"PropertyValueSpecification","valueRequired":true,"valueName":"search_term_string"}}],"inLanguage":"fr-FR"}]}},"_links":{"self":[{"href":"https:\/\/natpower.com\/us\/fr\/wp-json\/wp\/v2\/pages\/741","targetHints":{"allow":["GET"]}}],"collection":[{"href":"https:\/\/natpower.com\/us\/fr\/wp-json\/wp\/v2\/pages"}],"about":[{"href":"https:\/\/natpower.com\/us\/fr\/wp-json\/wp\/v2\/types\/page"}],"author":[{"embeddable":true,"href":"https:\/\/natpower.com\/us\/fr\/wp-json\/wp\/v2\/users\/1"}],"replies":[{"embeddable":true,"href":"https:\/\/natpower.com\/us\/fr\/wp-json\/wp\/v2\/comments?post=741"}],"version-history":[{"count":7,"href":"https:\/\/natpower.com\/us\/fr\/wp-json\/wp\/v2\/pages\/741\/revisions"}],"predecessor-version":[{"id":888,"href":"https:\/\/natpower.com\/us\/fr\/wp-json\/wp\/v2\/pages\/741\/revisions\/888"}],"wp:attachment":[{"href":"https:\/\/natpower.com\/us\/fr\/wp-json\/wp\/v2\/media?parent=741"}],"curies":[{"name":"wp","href":"https:\/\/api.w.org\/{rel}","templated":true}]}}