{"id":5760,"date":"2025-04-28T13:43:36","date_gmt":"2025-04-28T13:43:36","guid":{"rendered":"https:\/\/natpower.com\/italia\/progetti-francese\/"},"modified":"2025-04-28T14:51:28","modified_gmt":"2025-04-28T14:51:28","slug":"projets","status":"publish","type":"page","link":"https:\/\/natpower.com\/italia\/fr\/projets\/","title":{"rendered":"Projets"},"content":{"rendered":"<div id=\"cs-content\" class=\"cs-content\"><\/div>\n","protected":false},"excerpt":{"rendered":"<p>Projets Italie PIPELINE0&nbsp;MW\u00c9NERGIE SOLAIRE PHOTOVOLTA\u00cfQUE0&nbsp;MW\u00c9NERGIE \u00c9OLIENNE0&nbsp;MWSYST&Egrave;MES DE STOCKAGE D&rsquo;&Eacute;NERGIE PAR BATTERIES&nbsp;energia solare fotovoltaica0&nbsp;MWSistemi di accumulo energetico0&nbsp;MWenergia solare fotovoltaica0&nbsp;MWenergia solare fotovoltaica0&nbsp;MWenergia solare fotovoltaica0&nbsp;MWSistemi di accumulo energetico0&nbsp;MWenergia solare fotovoltaica0&nbsp;MWenergia solare fotovoltaica0&nbsp;MWSistemi di accumulo energetico0&nbsp;MW<\/p>\n","protected":false},"author":1,"featured_media":0,"parent":0,"menu_order":0,"comment_status":"closed","ping_status":"closed","template":"template-blank-4.php","meta":{"_acf_changed":false,"footnotes":""},"class_list":["post-5760","page","type-page","status-publish","hentry","no-post-thumbnail"],"acf":[],"yoast_head":"<!-- This site is optimized with the Yoast SEO plugin v27.1.1 - https:\/\/yoast.com\/product\/yoast-seo-wordpress\/ -->\n<title>Projets - NatPower Italia<\/title>\n<meta name=\"robots\" content=\"index, follow, max-snippet:-1, max-image-preview:large, max-video-preview:-1\" \/>\n<link rel=\"canonical\" href=\"https:\/\/natpower.com\/italia\/fr\/projets\/\" \/>\n<meta property=\"og:locale\" content=\"fr_FR\" \/>\n<meta property=\"og:type\" content=\"article\" \/>\n<meta property=\"og:title\" content=\"Projets - NatPower Italia\" \/>\n<meta property=\"og:description\" content=\"Projets Italie PIPELINE0&nbsp;MW\u00c9NERGIE SOLAIRE PHOTOVOLTA\u00cfQUE0&nbsp;MW\u00c9NERGIE \u00c9OLIENNE0&nbsp;MWSYST&Egrave;MES DE STOCKAGE D&#039;&Eacute;NERGIE PAR BATTERIES&nbsp;energia solare fotovoltaica0&nbsp;MWSistemi di accumulo energetico0&nbsp;MWenergia solare fotovoltaica0&nbsp;MWenergia solare fotovoltaica0&nbsp;MWenergia solare fotovoltaica0&nbsp;MWSistemi di accumulo energetico0&nbsp;MWenergia solare fotovoltaica0&nbsp;MWenergia solare fotovoltaica0&nbsp;MWSistemi di accumulo energetico0&nbsp;MW\" \/>\n<meta property=\"og:url\" content=\"https:\/\/natpower.com\/italia\/fr\/projets\/\" \/>\n<meta property=\"og:site_name\" content=\"NatPower Italia\" \/>\n<meta property=\"article:modified_time\" content=\"2025-04-28T14:51:28+00:00\" \/>\n<meta name=\"twitter:card\" content=\"summary_large_image\" \/>\n<meta name=\"twitter:label1\" content=\"Dur\u00e9e de lecture estim\u00e9e\" \/>\n\t<meta name=\"twitter:data1\" content=\"5 minutes\" \/>\n<script type=\"application\/ld+json\" class=\"yoast-schema-graph\">{\"@context\":\"https:\/\/schema.org\",\"@graph\":[{\"@type\":\"WebPage\",\"@id\":\"https:\/\/natpower.com\/italia\/fr\/projets\/\",\"url\":\"https:\/\/natpower.com\/italia\/fr\/projets\/\",\"name\":\"Projets - NatPower Italia\",\"isPartOf\":{\"@id\":\"https:\/\/natpower.com\/italia\/#website\"},\"datePublished\":\"2025-04-28T13:43:36+00:00\",\"dateModified\":\"2025-04-28T14:51:28+00:00\",\"breadcrumb\":{\"@id\":\"https:\/\/natpower.com\/italia\/fr\/projets\/#breadcrumb\"},\"inLanguage\":\"fr-FR\",\"potentialAction\":[{\"@type\":\"ReadAction\",\"target\":[\"https:\/\/natpower.com\/italia\/fr\/projets\/\"]}]},{\"@type\":\"BreadcrumbList\",\"@id\":\"https:\/\/natpower.com\/italia\/fr\/projets\/#breadcrumb\",\"itemListElement\":[{\"@type\":\"ListItem\",\"position\":1,\"name\":\"Home\",\"item\":\"https:\/\/natpower.com\/italia\/fr\/homepage-it-2\/\"},{\"@type\":\"ListItem\",\"position\":2,\"name\":\"Projets\"}]},{\"@type\":\"WebSite\",\"@id\":\"https:\/\/natpower.com\/italia\/#website\",\"url\":\"https:\/\/natpower.com\/italia\/\",\"name\":\"NatPower Italia\",\"description\":\"\",\"potentialAction\":[{\"@type\":\"SearchAction\",\"target\":{\"@type\":\"EntryPoint\",\"urlTemplate\":\"https:\/\/natpower.com\/italia\/?s={search_term_string}\"},\"query-input\":{\"@type\":\"PropertyValueSpecification\",\"valueRequired\":true,\"valueName\":\"search_term_string\"}}],\"inLanguage\":\"fr-FR\"}]}<\/script>\n<!-- \/ Yoast SEO plugin. -->","yoast_head_json":{"title":"Projets - NatPower Italia","robots":{"index":"index","follow":"follow","max-snippet":"max-snippet:-1","max-image-preview":"max-image-preview:large","max-video-preview":"max-video-preview:-1"},"canonical":"https:\/\/natpower.com\/italia\/fr\/projets\/","og_locale":"fr_FR","og_type":"article","og_title":"Projets - NatPower Italia","og_description":"Projets Italie PIPELINE0&nbsp;MW\u00c9NERGIE SOLAIRE PHOTOVOLTA\u00cfQUE0&nbsp;MW\u00c9NERGIE \u00c9OLIENNE0&nbsp;MWSYST&Egrave;MES DE STOCKAGE D'&Eacute;NERGIE PAR BATTERIES&nbsp;energia solare fotovoltaica0&nbsp;MWSistemi di accumulo energetico0&nbsp;MWenergia solare fotovoltaica0&nbsp;MWenergia solare fotovoltaica0&nbsp;MWenergia solare fotovoltaica0&nbsp;MWSistemi di accumulo energetico0&nbsp;MWenergia solare fotovoltaica0&nbsp;MWenergia solare fotovoltaica0&nbsp;MWSistemi di accumulo energetico0&nbsp;MW","og_url":"https:\/\/natpower.com\/italia\/fr\/projets\/","og_site_name":"NatPower Italia","article_modified_time":"2025-04-28T14:51:28+00:00","twitter_card":"summary_large_image","twitter_misc":{"Dur\u00e9e de lecture estim\u00e9e":"5 minutes"},"schema":{"@context":"https:\/\/schema.org","@graph":[{"@type":"WebPage","@id":"https:\/\/natpower.com\/italia\/fr\/projets\/","url":"https:\/\/natpower.com\/italia\/fr\/projets\/","name":"Projets - NatPower Italia","isPartOf":{"@id":"https:\/\/natpower.com\/italia\/#website"},"datePublished":"2025-04-28T13:43:36+00:00","dateModified":"2025-04-28T14:51:28+00:00","breadcrumb":{"@id":"https:\/\/natpower.com\/italia\/fr\/projets\/#breadcrumb"},"inLanguage":"fr-FR","potentialAction":[{"@type":"ReadAction","target":["https:\/\/natpower.com\/italia\/fr\/projets\/"]}]},{"@type":"BreadcrumbList","@id":"https:\/\/natpower.com\/italia\/fr\/projets\/#breadcrumb","itemListElement":[{"@type":"ListItem","position":1,"name":"Home","item":"https:\/\/natpower.com\/italia\/fr\/homepage-it-2\/"},{"@type":"ListItem","position":2,"name":"Projets"}]},{"@type":"WebSite","@id":"https:\/\/natpower.com\/italia\/#website","url":"https:\/\/natpower.com\/italia\/","name":"NatPower Italia","description":"","potentialAction":[{"@type":"SearchAction","target":{"@type":"EntryPoint","urlTemplate":"https:\/\/natpower.com\/italia\/?s={search_term_string}"},"query-input":{"@type":"PropertyValueSpecification","valueRequired":true,"valueName":"search_term_string"}}],"inLanguage":"fr-FR"}]}},"_links":{"self":[{"href":"https:\/\/natpower.com\/italia\/fr\/wp-json\/wp\/v2\/pages\/5760","targetHints":{"allow":["GET"]}}],"collection":[{"href":"https:\/\/natpower.com\/italia\/fr\/wp-json\/wp\/v2\/pages"}],"about":[{"href":"https:\/\/natpower.com\/italia\/fr\/wp-json\/wp\/v2\/types\/page"}],"author":[{"embeddable":true,"href":"https:\/\/natpower.com\/italia\/fr\/wp-json\/wp\/v2\/users\/1"}],"replies":[{"embeddable":true,"href":"https:\/\/natpower.com\/italia\/fr\/wp-json\/wp\/v2\/comments?post=5760"}],"version-history":[{"count":13,"href":"https:\/\/natpower.com\/italia\/fr\/wp-json\/wp\/v2\/pages\/5760\/revisions"}],"predecessor-version":[{"id":5785,"href":"https:\/\/natpower.com\/italia\/fr\/wp-json\/wp\/v2\/pages\/5760\/revisions\/5785"}],"wp:attachment":[{"href":"https:\/\/natpower.com\/italia\/fr\/wp-json\/wp\/v2\/media?parent=5760"}],"curies":[{"name":"wp","href":"https:\/\/api.w.org\/{rel}","templated":true}]}}