{"id":2006,"date":"2024-12-06T16:05:14","date_gmt":"2024-12-06T16:05:14","guid":{"rendered":"https:\/\/natpower.com\/italia\/homepage-it-fr\/"},"modified":"2025-05-21T07:49:14","modified_gmt":"2025-05-21T07:49:14","slug":"homepage-it-2","status":"publish","type":"page","link":"https:\/\/natpower.com\/italia\/fr\/","title":{"rendered":"Homepage"},"content":{"rendered":"<div id=\"cs-content\" class=\"cs-content\"><\/div>\n","protected":false},"excerpt":{"rendered":"<p>Leaders dans le d\u00e9veloppement de projets d\u2019\u00e9nergie renouvelable \u00e0 grande \u00e9chelleGrowing by NatureNatPower Italia propose des solutions d&rsquo;&eacute;nergie renouvelable &agrave; grande &eacute;chelle, sp&eacute;cialis&eacute;es dans la conception et le d&eacute;veloppement de projets durables, parfaitement adapt&eacute;s aux exigences sp&eacute;cifiques de nos clients. Regardez nos projetsNatPower Italia propose des solutions d&rsquo;&eacute;nergie renouvelable &agrave; grande &eacute;chelle, sp&eacute;cialis&eacute;es dans la conception et le d&eacute;veloppement de &#8230; <\/p>\n<div><a href=\"https:\/\/natpower.com\/italia\/fr\/\" class=\"more-link\">Read More<\/a><\/div>\n","protected":false},"author":1,"featured_media":0,"parent":0,"menu_order":0,"comment_status":"closed","ping_status":"closed","template":"template-blank-4.php","meta":{"_acf_changed":false,"footnotes":""},"class_list":["post-2006","page","type-page","status-publish","hentry","no-post-thumbnail"],"acf":[],"yoast_head":"<!-- This site is optimized with the Yoast SEO plugin v27.1.1 - https:\/\/yoast.com\/product\/yoast-seo-wordpress\/ -->\n<title>Homepage - NatPower Italia<\/title>\n<meta name=\"robots\" content=\"index, follow, max-snippet:-1, max-image-preview:large, max-video-preview:-1\" \/>\n<link rel=\"canonical\" href=\"https:\/\/natpower.com\/italia\/fr\/homepage-it-2\/\" \/>\n<meta property=\"og:locale\" content=\"fr_FR\" \/>\n<meta property=\"og:type\" content=\"article\" \/>\n<meta property=\"og:title\" content=\"Homepage - NatPower Italia\" \/>\n<meta property=\"og:description\" content=\"Leaders dans le d\u00e9veloppement de projets d\u2019\u00e9nergie renouvelable \u00e0 grande \u00e9chelleGrowing by NatureNatPower Italia propose des solutions d&rsquo;&eacute;nergie renouvelable &agrave; grande &eacute;chelle, sp&eacute;cialis&eacute;es dans la conception et le d&eacute;veloppement de projets durables, parfaitement adapt&eacute;s aux exigences sp&eacute;cifiques de nos clients. Regardez nos projetsNatPower Italia propose des solutions d&rsquo;&eacute;nergie renouvelable &agrave; grande &eacute;chelle, sp&eacute;cialis&eacute;es dans la conception et le d&eacute;veloppement de ... Read More\" \/>\n<meta property=\"og:url\" content=\"https:\/\/natpower.com\/italia\/fr\/homepage-it-2\/\" \/>\n<meta property=\"og:site_name\" content=\"NatPower Italia\" \/>\n<meta property=\"article:modified_time\" content=\"2025-05-21T07:49:14+00:00\" \/>\n<meta name=\"twitter:card\" content=\"summary_large_image\" \/>\n<meta name=\"twitter:label1\" content=\"Dur\u00e9e de lecture estim\u00e9e\" \/>\n\t<meta name=\"twitter:data1\" content=\"6 minutes\" \/>\n<script type=\"application\/ld+json\" class=\"yoast-schema-graph\">{\"@context\":\"https:\/\/schema.org\",\"@graph\":[{\"@type\":\"WebPage\",\"@id\":\"https:\/\/natpower.com\/italia\/fr\/homepage-it-2\/\",\"url\":\"https:\/\/natpower.com\/italia\/fr\/homepage-it-2\/\",\"name\":\"Homepage - NatPower Italia\",\"isPartOf\":{\"@id\":\"https:\/\/natpower.com\/italia\/#website\"},\"datePublished\":\"2024-12-06T16:05:14+00:00\",\"dateModified\":\"2025-05-21T07:49:14+00:00\",\"breadcrumb\":{\"@id\":\"https:\/\/natpower.com\/italia\/fr\/homepage-it-2\/#breadcrumb\"},\"inLanguage\":\"fr-FR\",\"potentialAction\":[{\"@type\":\"ReadAction\",\"target\":[\"https:\/\/natpower.com\/italia\/fr\/homepage-it-2\/\"]}]},{\"@type\":\"BreadcrumbList\",\"@id\":\"https:\/\/natpower.com\/italia\/fr\/homepage-it-2\/#breadcrumb\",\"itemListElement\":[{\"@type\":\"ListItem\",\"position\":1,\"name\":\"Home\",\"item\":\"https:\/\/natpower.com\/italia\/fr\/homepage-it-2\/\"},{\"@type\":\"ListItem\",\"position\":2,\"name\":\"Homepage\"}]},{\"@type\":\"WebSite\",\"@id\":\"https:\/\/natpower.com\/italia\/#website\",\"url\":\"https:\/\/natpower.com\/italia\/\",\"name\":\"NatPower Italia\",\"description\":\"\",\"potentialAction\":[{\"@type\":\"SearchAction\",\"target\":{\"@type\":\"EntryPoint\",\"urlTemplate\":\"https:\/\/natpower.com\/italia\/?s={search_term_string}\"},\"query-input\":{\"@type\":\"PropertyValueSpecification\",\"valueRequired\":true,\"valueName\":\"search_term_string\"}}],\"inLanguage\":\"fr-FR\"}]}<\/script>\n<!-- \/ Yoast SEO plugin. -->","yoast_head_json":{"title":"Homepage - NatPower Italia","robots":{"index":"index","follow":"follow","max-snippet":"max-snippet:-1","max-image-preview":"max-image-preview:large","max-video-preview":"max-video-preview:-1"},"canonical":"https:\/\/natpower.com\/italia\/fr\/homepage-it-2\/","og_locale":"fr_FR","og_type":"article","og_title":"Homepage - NatPower Italia","og_description":"Leaders dans le d\u00e9veloppement de projets d\u2019\u00e9nergie renouvelable \u00e0 grande \u00e9chelleGrowing by NatureNatPower Italia propose des solutions d&rsquo;&eacute;nergie renouvelable &agrave; grande &eacute;chelle, sp&eacute;cialis&eacute;es dans la conception et le d&eacute;veloppement de projets durables, parfaitement adapt&eacute;s aux exigences sp&eacute;cifiques de nos clients. Regardez nos projetsNatPower Italia propose des solutions d&rsquo;&eacute;nergie renouvelable &agrave; grande &eacute;chelle, sp&eacute;cialis&eacute;es dans la conception et le d&eacute;veloppement de ... Read More","og_url":"https:\/\/natpower.com\/italia\/fr\/homepage-it-2\/","og_site_name":"NatPower Italia","article_modified_time":"2025-05-21T07:49:14+00:00","twitter_card":"summary_large_image","twitter_misc":{"Dur\u00e9e de lecture estim\u00e9e":"6 minutes"},"schema":{"@context":"https:\/\/schema.org","@graph":[{"@type":"WebPage","@id":"https:\/\/natpower.com\/italia\/fr\/homepage-it-2\/","url":"https:\/\/natpower.com\/italia\/fr\/homepage-it-2\/","name":"Homepage - NatPower Italia","isPartOf":{"@id":"https:\/\/natpower.com\/italia\/#website"},"datePublished":"2024-12-06T16:05:14+00:00","dateModified":"2025-05-21T07:49:14+00:00","breadcrumb":{"@id":"https:\/\/natpower.com\/italia\/fr\/homepage-it-2\/#breadcrumb"},"inLanguage":"fr-FR","potentialAction":[{"@type":"ReadAction","target":["https:\/\/natpower.com\/italia\/fr\/homepage-it-2\/"]}]},{"@type":"BreadcrumbList","@id":"https:\/\/natpower.com\/italia\/fr\/homepage-it-2\/#breadcrumb","itemListElement":[{"@type":"ListItem","position":1,"name":"Home","item":"https:\/\/natpower.com\/italia\/fr\/homepage-it-2\/"},{"@type":"ListItem","position":2,"name":"Homepage"}]},{"@type":"WebSite","@id":"https:\/\/natpower.com\/italia\/#website","url":"https:\/\/natpower.com\/italia\/","name":"NatPower Italia","description":"","potentialAction":[{"@type":"SearchAction","target":{"@type":"EntryPoint","urlTemplate":"https:\/\/natpower.com\/italia\/?s={search_term_string}"},"query-input":{"@type":"PropertyValueSpecification","valueRequired":true,"valueName":"search_term_string"}}],"inLanguage":"fr-FR"}]}},"_links":{"self":[{"href":"https:\/\/natpower.com\/italia\/fr\/wp-json\/wp\/v2\/pages\/2006","targetHints":{"allow":["GET"]}}],"collection":[{"href":"https:\/\/natpower.com\/italia\/fr\/wp-json\/wp\/v2\/pages"}],"about":[{"href":"https:\/\/natpower.com\/italia\/fr\/wp-json\/wp\/v2\/types\/page"}],"author":[{"embeddable":true,"href":"https:\/\/natpower.com\/italia\/fr\/wp-json\/wp\/v2\/users\/1"}],"replies":[{"embeddable":true,"href":"https:\/\/natpower.com\/italia\/fr\/wp-json\/wp\/v2\/comments?post=2006"}],"version-history":[{"count":22,"href":"https:\/\/natpower.com\/italia\/fr\/wp-json\/wp\/v2\/pages\/2006\/revisions"}],"predecessor-version":[{"id":5725,"href":"https:\/\/natpower.com\/italia\/fr\/wp-json\/wp\/v2\/pages\/2006\/revisions\/5725"}],"wp:attachment":[{"href":"https:\/\/natpower.com\/italia\/fr\/wp-json\/wp\/v2\/media?parent=2006"}],"curies":[{"name":"wp","href":"https:\/\/api.w.org\/{rel}","templated":true}]}}