{"id":5146,"date":"2025-04-16T11:23:02","date_gmt":"2025-04-16T09:23:02","guid":{"rendered":"https:\/\/natpower.com\/hydro-energy-french\/"},"modified":"2025-04-28T11:11:40","modified_gmt":"2025-04-28T09:11:40","slug":"energie-hydraulique","status":"publish","type":"page","link":"https:\/\/natpower.com\/fr\/energie-hydraulique\/","title":{"rendered":"\u00c9nergie hydro\u00e9lectrique"},"content":{"rendered":"<div id=\"cs-content\" class=\"cs-content\"><\/div>\n","protected":false},"excerpt":{"rendered":"<p>\u00c9nergie hydro\u00e9lectriqueEn exploitant la puissance de l&rsquo;eau, cette technologie convertit l&rsquo;&eacute;nergie cin&eacute;tique et potentielle de l&rsquo;eau en mouvement en une &eacute;lectricit&eacute; propre et durable.0&nbsp;MWCentrale hydro&eacute;lectrique pour 150 GWh d&rsquo;&eacute;nergie par anUn exemple significatif de l&rsquo;engagement de NatPower dans ce secteur est le d&eacute;veloppement d&rsquo;une centrale hydro&eacute;lectrique de 33 MW au niveau du r&eacute;servoir de Bartogai, sur la rivi&egrave;re Shelek, dans &#8230; <\/p>\n<div><a href=\"https:\/\/natpower.com\/fr\/energie-hydraulique\/\" class=\"more-link\">Read More<\/a><\/div>\n","protected":false},"author":1,"featured_media":0,"parent":0,"menu_order":0,"comment_status":"closed","ping_status":"closed","template":"template-blank-4.php","meta":{"_acf_changed":false,"footnotes":""},"class_list":["post-5146","page","type-page","status-publish","hentry","no-post-thumbnail"],"acf":[],"yoast_head":"<!-- This site is optimized with the Yoast SEO plugin v27.1.1 - https:\/\/yoast.com\/product\/yoast-seo-wordpress\/ -->\n<title>\u00c9nergie hydro\u00e9lectrique - NatPower<\/title>\n<meta name=\"robots\" content=\"index, follow, max-snippet:-1, max-image-preview:large, max-video-preview:-1\" \/>\n<link rel=\"canonical\" href=\"https:\/\/natpower.com\/fr\/energie-hydraulique\/\" \/>\n<meta property=\"og:locale\" content=\"fr_FR\" \/>\n<meta property=\"og:type\" content=\"article\" \/>\n<meta property=\"og:title\" content=\"\u00c9nergie hydro\u00e9lectrique - NatPower\" \/>\n<meta property=\"og:description\" content=\"\u00c9nergie hydro\u00e9lectriqueEn exploitant la puissance de l&rsquo;eau, cette technologie convertit l&rsquo;&eacute;nergie cin&eacute;tique et potentielle de l&rsquo;eau en mouvement en une &eacute;lectricit&eacute; propre et durable.0&nbsp;MWCentrale hydro&eacute;lectrique pour 150 GWh d&rsquo;&eacute;nergie par anUn exemple significatif de l&rsquo;engagement de NatPower dans ce secteur est le d&eacute;veloppement d&rsquo;une centrale hydro&eacute;lectrique de 33 MW au niveau du r&eacute;servoir de Bartogai, sur la rivi&egrave;re Shelek, dans ... Read More\" \/>\n<meta property=\"og:url\" content=\"https:\/\/natpower.com\/fr\/energie-hydraulique\/\" \/>\n<meta property=\"og:site_name\" content=\"NatPower\" \/>\n<meta property=\"article:modified_time\" content=\"2025-04-28T09:11:40+00:00\" \/>\n<meta name=\"twitter:card\" content=\"summary_large_image\" \/>\n<meta name=\"twitter:label1\" content=\"Dur\u00e9e de lecture estim\u00e9e\" \/>\n\t<meta name=\"twitter:data1\" content=\"9 minutes\" \/>\n<script type=\"application\/ld+json\" class=\"yoast-schema-graph\">{\"@context\":\"https:\/\/schema.org\",\"@graph\":[{\"@type\":\"WebPage\",\"@id\":\"https:\/\/natpower.com\/fr\/energie-hydraulique\/\",\"url\":\"https:\/\/natpower.com\/fr\/energie-hydraulique\/\",\"name\":\"\u00c9nergie hydro\u00e9lectrique - NatPower\",\"isPartOf\":{\"@id\":\"https:\/\/natpower.com\/#website\"},\"datePublished\":\"2025-04-16T09:23:02+00:00\",\"dateModified\":\"2025-04-28T09:11:40+00:00\",\"breadcrumb\":{\"@id\":\"https:\/\/natpower.com\/fr\/energie-hydraulique\/#breadcrumb\"},\"inLanguage\":\"fr-FR\",\"potentialAction\":[{\"@type\":\"ReadAction\",\"target\":[\"https:\/\/natpower.com\/fr\/energie-hydraulique\/\"]}]},{\"@type\":\"BreadcrumbList\",\"@id\":\"https:\/\/natpower.com\/fr\/energie-hydraulique\/#breadcrumb\",\"itemListElement\":[{\"@type\":\"ListItem\",\"position\":1,\"name\":\"Home\",\"item\":\"https:\/\/natpower.com\/fr\/homepage\/\"},{\"@type\":\"ListItem\",\"position\":2,\"name\":\"\u00c9nergie hydro\u00e9lectrique\"}]},{\"@type\":\"WebSite\",\"@id\":\"https:\/\/natpower.com\/#website\",\"url\":\"https:\/\/natpower.com\/\",\"name\":\"NatPower\",\"description\":\"Growing by Nature\",\"potentialAction\":[{\"@type\":\"SearchAction\",\"target\":{\"@type\":\"EntryPoint\",\"urlTemplate\":\"https:\/\/natpower.com\/?s={search_term_string}\"},\"query-input\":{\"@type\":\"PropertyValueSpecification\",\"valueRequired\":true,\"valueName\":\"search_term_string\"}}],\"inLanguage\":\"fr-FR\"}]}<\/script>\n<!-- \/ Yoast SEO plugin. -->","yoast_head_json":{"title":"\u00c9nergie hydro\u00e9lectrique - NatPower","robots":{"index":"index","follow":"follow","max-snippet":"max-snippet:-1","max-image-preview":"max-image-preview:large","max-video-preview":"max-video-preview:-1"},"canonical":"https:\/\/natpower.com\/fr\/energie-hydraulique\/","og_locale":"fr_FR","og_type":"article","og_title":"\u00c9nergie hydro\u00e9lectrique - NatPower","og_description":"\u00c9nergie hydro\u00e9lectriqueEn exploitant la puissance de l&rsquo;eau, cette technologie convertit l&rsquo;&eacute;nergie cin&eacute;tique et potentielle de l&rsquo;eau en mouvement en une &eacute;lectricit&eacute; propre et durable.0&nbsp;MWCentrale hydro&eacute;lectrique pour 150 GWh d&rsquo;&eacute;nergie par anUn exemple significatif de l&rsquo;engagement de NatPower dans ce secteur est le d&eacute;veloppement d&rsquo;une centrale hydro&eacute;lectrique de 33 MW au niveau du r&eacute;servoir de Bartogai, sur la rivi&egrave;re Shelek, dans ... Read More","og_url":"https:\/\/natpower.com\/fr\/energie-hydraulique\/","og_site_name":"NatPower","article_modified_time":"2025-04-28T09:11:40+00:00","twitter_card":"summary_large_image","twitter_misc":{"Dur\u00e9e de lecture estim\u00e9e":"9 minutes"},"schema":{"@context":"https:\/\/schema.org","@graph":[{"@type":"WebPage","@id":"https:\/\/natpower.com\/fr\/energie-hydraulique\/","url":"https:\/\/natpower.com\/fr\/energie-hydraulique\/","name":"\u00c9nergie hydro\u00e9lectrique - NatPower","isPartOf":{"@id":"https:\/\/natpower.com\/#website"},"datePublished":"2025-04-16T09:23:02+00:00","dateModified":"2025-04-28T09:11:40+00:00","breadcrumb":{"@id":"https:\/\/natpower.com\/fr\/energie-hydraulique\/#breadcrumb"},"inLanguage":"fr-FR","potentialAction":[{"@type":"ReadAction","target":["https:\/\/natpower.com\/fr\/energie-hydraulique\/"]}]},{"@type":"BreadcrumbList","@id":"https:\/\/natpower.com\/fr\/energie-hydraulique\/#breadcrumb","itemListElement":[{"@type":"ListItem","position":1,"name":"Home","item":"https:\/\/natpower.com\/fr\/homepage\/"},{"@type":"ListItem","position":2,"name":"\u00c9nergie hydro\u00e9lectrique"}]},{"@type":"WebSite","@id":"https:\/\/natpower.com\/#website","url":"https:\/\/natpower.com\/","name":"NatPower","description":"Growing by Nature","potentialAction":[{"@type":"SearchAction","target":{"@type":"EntryPoint","urlTemplate":"https:\/\/natpower.com\/?s={search_term_string}"},"query-input":{"@type":"PropertyValueSpecification","valueRequired":true,"valueName":"search_term_string"}}],"inLanguage":"fr-FR"}]}},"_links":{"self":[{"href":"https:\/\/natpower.com\/fr\/wp-json\/wp\/v2\/pages\/5146","targetHints":{"allow":["GET"]}}],"collection":[{"href":"https:\/\/natpower.com\/fr\/wp-json\/wp\/v2\/pages"}],"about":[{"href":"https:\/\/natpower.com\/fr\/wp-json\/wp\/v2\/types\/page"}],"author":[{"embeddable":true,"href":"https:\/\/natpower.com\/fr\/wp-json\/wp\/v2\/users\/1"}],"replies":[{"embeddable":true,"href":"https:\/\/natpower.com\/fr\/wp-json\/wp\/v2\/comments?post=5146"}],"version-history":[{"count":8,"href":"https:\/\/natpower.com\/fr\/wp-json\/wp\/v2\/pages\/5146\/revisions"}],"predecessor-version":[{"id":5419,"href":"https:\/\/natpower.com\/fr\/wp-json\/wp\/v2\/pages\/5146\/revisions\/5419"}],"wp:attachment":[{"href":"https:\/\/natpower.com\/fr\/wp-json\/wp\/v2\/media?parent=5146"}],"curies":[{"name":"wp","href":"https:\/\/api.w.org\/{rel}","templated":true}]}}